{"id":4809,"date":"2021-06-11T16:15:44","date_gmt":"2021-06-11T16:15:44","guid":{"rendered":"https:\/\/neoplanta.rs\/pipi-i-gudi\/"},"modified":"2023-02-07T12:29:13","modified_gmt":"2023-02-07T11:29:13","slug":"pipi-i-gudi","status":"publish","type":"page","link":"https:\/\/www.neoplanta.rs\/en\/pipi-i-gudi","title":{"rendered":"Pipi i Gudi"},"content":{"rendered":"","protected":false},"excerpt":{"rendered":"","protected":false},"author":1,"featured_media":286,"parent":5188,"menu_order":0,"comment_status":"closed","ping_status":"closed","template":"page-templates\/brand-landing-pipi.php","meta":{"_acf_changed":false,"_glsr_average":0,"_glsr_ranking":0,"_glsr_reviews":0,"footnotes":""},"class_list":["post-4809","page","type-page","status-publish","has-post-thumbnail","hentry"],"acf":[],"yoast_head":"<!-- This site is optimized with the Yoast SEO plugin v27.3 - https:\/\/yoast.com\/product\/yoast-seo-wordpress\/ -->\n<title>Pipi i Gudi &#8226; Neoplanta<\/title>\n<meta name=\"description\" content=\"Seckaj, sla\u017ei, sma\u017ei! Kada se spoje savremena tehnologija, kvalitet i dobar marketing, nastane brend Pipi i Gudi, omiljen me\u0111u mla\u0111om populacijom, ba\u0161 zbog prepoznatljivih junaka pilenceta Pipija i prasenceta Gudija. Pod sloganom: \u201cSeckaj, sla\u017ei, sma\u017ei\u201d za par minuta mo\u017eete napraviti sendvi\u010d ili iskoristiti vir\u0161le za kreativnije zalogaje.\" \/>\n<meta name=\"robots\" content=\"index, follow, max-snippet:-1, max-image-preview:large, max-video-preview:-1\" \/>\n<link rel=\"canonical\" href=\"https:\/\/www.neoplanta.rs\/en\/pipi-i-gudi\/\" \/>\n<meta property=\"og:locale\" content=\"en_US\" \/>\n<meta property=\"og:type\" content=\"article\" \/>\n<meta property=\"og:title\" content=\"Pipi i Gudi &#8226; Neoplanta\" \/>\n<meta property=\"og:description\" content=\"Seckaj, sla\u017ei, sma\u017ei! Kada se spoje savremena tehnologija, kvalitet i dobar marketing, nastane brend Pipi i Gudi, omiljen me\u0111u mla\u0111om populacijom, ba\u0161 zbog prepoznatljivih junaka pilenceta Pipija i prasenceta Gudija. Pod sloganom: \u201cSeckaj, sla\u017ei, sma\u017ei\u201d za par minuta mo\u017eete napraviti sendvi\u010d ili iskoristiti vir\u0161le za kreativnije zalogaje.\" \/>\n<meta property=\"og:url\" content=\"https:\/\/www.neoplanta.rs\/en\/pipi-i-gudi\/\" \/>\n<meta property=\"og:site_name\" content=\"Neoplanta\" \/>\n<meta property=\"article:publisher\" content=\"https:\/\/www.facebook.com\/neoplantadelikates\" \/>\n<meta property=\"article:modified_time\" content=\"2023-02-07T11:29:13+00:00\" \/>\n<meta property=\"og:image\" content=\"https:\/\/www.neoplanta.rs\/wp-content\/uploads\/2021\/07\/pipigudi.png\" \/>\n\t<meta property=\"og:image:width\" content=\"200\" \/>\n\t<meta property=\"og:image:height\" content=\"136\" \/>\n\t<meta property=\"og:image:type\" content=\"image\/png\" \/>\n<meta name=\"twitter:card\" content=\"summary_large_image\" \/>\n<script type=\"application\/ld+json\" class=\"yoast-schema-graph\">{\"@context\":\"https:\\\/\\\/schema.org\",\"@graph\":[{\"@type\":\"WebPage\",\"@id\":\"https:\\\/\\\/www.neoplanta.rs\\\/en\\\/pipi-i-gudi\\\/\",\"url\":\"https:\\\/\\\/www.neoplanta.rs\\\/en\\\/pipi-i-gudi\\\/\",\"name\":\"Pipi i Gudi &#8226; Neoplanta\",\"isPartOf\":{\"@id\":\"https:\\\/\\\/www.neoplanta.rs\\\/#website\"},\"primaryImageOfPage\":{\"@id\":\"https:\\\/\\\/www.neoplanta.rs\\\/en\\\/pipi-i-gudi\\\/#primaryimage\"},\"image\":{\"@id\":\"https:\\\/\\\/www.neoplanta.rs\\\/en\\\/pipi-i-gudi\\\/#primaryimage\"},\"thumbnailUrl\":\"https:\\\/\\\/www.neoplanta.rs\\\/wp-content\\\/uploads\\\/2021\\\/07\\\/pipigudi.png\",\"datePublished\":\"2021-06-11T16:15:44+00:00\",\"dateModified\":\"2023-02-07T11:29:13+00:00\",\"description\":\"Seckaj, sla\u017ei, sma\u017ei! Kada se spoje savremena tehnologija, kvalitet i dobar marketing, nastane brend Pipi i Gudi, omiljen me\u0111u mla\u0111om populacijom, ba\u0161 zbog prepoznatljivih junaka pilenceta Pipija i prasenceta Gudija. Pod sloganom: \u201cSeckaj, sla\u017ei, sma\u017ei\u201d za par minuta mo\u017eete napraviti sendvi\u010d ili iskoristiti vir\u0161le za kreativnije zalogaje.\",\"breadcrumb\":{\"@id\":\"https:\\\/\\\/www.neoplanta.rs\\\/en\\\/pipi-i-gudi\\\/#breadcrumb\"},\"inLanguage\":\"en-US\",\"potentialAction\":[{\"@type\":\"ReadAction\",\"target\":[\"https:\\\/\\\/www.neoplanta.rs\\\/en\\\/pipi-i-gudi\\\/\"]}]},{\"@type\":\"ImageObject\",\"inLanguage\":\"en-US\",\"@id\":\"https:\\\/\\\/www.neoplanta.rs\\\/en\\\/pipi-i-gudi\\\/#primaryimage\",\"url\":\"https:\\\/\\\/www.neoplanta.rs\\\/wp-content\\\/uploads\\\/2021\\\/07\\\/pipigudi.png\",\"contentUrl\":\"https:\\\/\\\/www.neoplanta.rs\\\/wp-content\\\/uploads\\\/2021\\\/07\\\/pipigudi.png\",\"width\":200,\"height\":136},{\"@type\":\"BreadcrumbList\",\"@id\":\"https:\\\/\\\/www.neoplanta.rs\\\/en\\\/pipi-i-gudi\\\/#breadcrumb\",\"itemListElement\":[{\"@type\":\"ListItem\",\"position\":1,\"name\":\"Po\u010detna\",\"item\":\"https:\\\/\\\/www.neoplanta.rs\\\/en\\\/\"},{\"@type\":\"ListItem\",\"position\":2,\"name\":\"Brands\",\"item\":\"https:\\\/\\\/www.neoplanta.rs\\\/en\\\/brands\\\/\"},{\"@type\":\"ListItem\",\"position\":3,\"name\":\"Pipi i Gudi\"}]},{\"@type\":\"WebSite\",\"@id\":\"https:\\\/\\\/www.neoplanta.rs\\\/#website\",\"url\":\"https:\\\/\\\/www.neoplanta.rs\\\/\",\"name\":\"Neoplanta\",\"description\":\"Neoplanta\",\"publisher\":{\"@id\":\"https:\\\/\\\/www.neoplanta.rs\\\/#organization\"},\"potentialAction\":[{\"@type\":\"SearchAction\",\"target\":{\"@type\":\"EntryPoint\",\"urlTemplate\":\"https:\\\/\\\/www.neoplanta.rs\\\/?s={search_term_string}\"},\"query-input\":{\"@type\":\"PropertyValueSpecification\",\"valueRequired\":true,\"valueName\":\"search_term_string\"}}],\"inLanguage\":\"en-US\"},{\"@type\":\"Organization\",\"@id\":\"https:\\\/\\\/www.neoplanta.rs\\\/#organization\",\"name\":\"Neoplanta\",\"url\":\"https:\\\/\\\/www.neoplanta.rs\\\/\",\"logo\":{\"@type\":\"ImageObject\",\"inLanguage\":\"en-US\",\"@id\":\"https:\\\/\\\/www.neoplanta.rs\\\/#\\\/schema\\\/logo\\\/image\\\/\",\"url\":\"https:\\\/\\\/www.neoplanta.rs\\\/wp-content\\\/uploads\\\/2021\\\/08\\\/logo.svg\",\"contentUrl\":\"https:\\\/\\\/www.neoplanta.rs\\\/wp-content\\\/uploads\\\/2021\\\/08\\\/logo.svg\",\"width\":1,\"height\":1,\"caption\":\"Neoplanta\"},\"image\":{\"@id\":\"https:\\\/\\\/www.neoplanta.rs\\\/#\\\/schema\\\/logo\\\/image\\\/\"},\"sameAs\":[\"https:\\\/\\\/www.facebook.com\\\/neoplantadelikates\",\"https:\\\/\\\/www.instagram.com\\\/neoplantadelikates\\\/\",\"https:\\\/\\\/www.youtube.com\\\/channel\\\/UCSeDTwsSoMMJKGgQftkNcXw\\\/videos\"]}]}<\/script>\n<!-- \/ Yoast SEO plugin. -->","yoast_head_json":{"title":"Pipi i Gudi &#8226; Neoplanta","description":"Seckaj, sla\u017ei, sma\u017ei! Kada se spoje savremena tehnologija, kvalitet i dobar marketing, nastane brend Pipi i Gudi, omiljen me\u0111u mla\u0111om populacijom, ba\u0161 zbog prepoznatljivih junaka pilenceta Pipija i prasenceta Gudija. Pod sloganom: \u201cSeckaj, sla\u017ei, sma\u017ei\u201d za par minuta mo\u017eete napraviti sendvi\u010d ili iskoristiti vir\u0161le za kreativnije zalogaje.","robots":{"index":"index","follow":"follow","max-snippet":"max-snippet:-1","max-image-preview":"max-image-preview:large","max-video-preview":"max-video-preview:-1"},"canonical":"https:\/\/www.neoplanta.rs\/en\/pipi-i-gudi\/","og_locale":"en_US","og_type":"article","og_title":"Pipi i Gudi &#8226; Neoplanta","og_description":"Seckaj, sla\u017ei, sma\u017ei! Kada se spoje savremena tehnologija, kvalitet i dobar marketing, nastane brend Pipi i Gudi, omiljen me\u0111u mla\u0111om populacijom, ba\u0161 zbog prepoznatljivih junaka pilenceta Pipija i prasenceta Gudija. Pod sloganom: \u201cSeckaj, sla\u017ei, sma\u017ei\u201d za par minuta mo\u017eete napraviti sendvi\u010d ili iskoristiti vir\u0161le za kreativnije zalogaje.","og_url":"https:\/\/www.neoplanta.rs\/en\/pipi-i-gudi\/","og_site_name":"Neoplanta","article_publisher":"https:\/\/www.facebook.com\/neoplantadelikates","article_modified_time":"2023-02-07T11:29:13+00:00","og_image":[{"width":200,"height":136,"url":"https:\/\/www.neoplanta.rs\/wp-content\/uploads\/2021\/07\/pipigudi.png","type":"image\/png"}],"twitter_card":"summary_large_image","schema":{"@context":"https:\/\/schema.org","@graph":[{"@type":"WebPage","@id":"https:\/\/www.neoplanta.rs\/en\/pipi-i-gudi\/","url":"https:\/\/www.neoplanta.rs\/en\/pipi-i-gudi\/","name":"Pipi i Gudi &#8226; Neoplanta","isPartOf":{"@id":"https:\/\/www.neoplanta.rs\/#website"},"primaryImageOfPage":{"@id":"https:\/\/www.neoplanta.rs\/en\/pipi-i-gudi\/#primaryimage"},"image":{"@id":"https:\/\/www.neoplanta.rs\/en\/pipi-i-gudi\/#primaryimage"},"thumbnailUrl":"https:\/\/www.neoplanta.rs\/wp-content\/uploads\/2021\/07\/pipigudi.png","datePublished":"2021-06-11T16:15:44+00:00","dateModified":"2023-02-07T11:29:13+00:00","description":"Seckaj, sla\u017ei, sma\u017ei! Kada se spoje savremena tehnologija, kvalitet i dobar marketing, nastane brend Pipi i Gudi, omiljen me\u0111u mla\u0111om populacijom, ba\u0161 zbog prepoznatljivih junaka pilenceta Pipija i prasenceta Gudija. Pod sloganom: \u201cSeckaj, sla\u017ei, sma\u017ei\u201d za par minuta mo\u017eete napraviti sendvi\u010d ili iskoristiti vir\u0161le za kreativnije zalogaje.","breadcrumb":{"@id":"https:\/\/www.neoplanta.rs\/en\/pipi-i-gudi\/#breadcrumb"},"inLanguage":"en-US","potentialAction":[{"@type":"ReadAction","target":["https:\/\/www.neoplanta.rs\/en\/pipi-i-gudi\/"]}]},{"@type":"ImageObject","inLanguage":"en-US","@id":"https:\/\/www.neoplanta.rs\/en\/pipi-i-gudi\/#primaryimage","url":"https:\/\/www.neoplanta.rs\/wp-content\/uploads\/2021\/07\/pipigudi.png","contentUrl":"https:\/\/www.neoplanta.rs\/wp-content\/uploads\/2021\/07\/pipigudi.png","width":200,"height":136},{"@type":"BreadcrumbList","@id":"https:\/\/www.neoplanta.rs\/en\/pipi-i-gudi\/#breadcrumb","itemListElement":[{"@type":"ListItem","position":1,"name":"Po\u010detna","item":"https:\/\/www.neoplanta.rs\/en\/"},{"@type":"ListItem","position":2,"name":"Brands","item":"https:\/\/www.neoplanta.rs\/en\/brands\/"},{"@type":"ListItem","position":3,"name":"Pipi i Gudi"}]},{"@type":"WebSite","@id":"https:\/\/www.neoplanta.rs\/#website","url":"https:\/\/www.neoplanta.rs\/","name":"Neoplanta","description":"Neoplanta","publisher":{"@id":"https:\/\/www.neoplanta.rs\/#organization"},"potentialAction":[{"@type":"SearchAction","target":{"@type":"EntryPoint","urlTemplate":"https:\/\/www.neoplanta.rs\/?s={search_term_string}"},"query-input":{"@type":"PropertyValueSpecification","valueRequired":true,"valueName":"search_term_string"}}],"inLanguage":"en-US"},{"@type":"Organization","@id":"https:\/\/www.neoplanta.rs\/#organization","name":"Neoplanta","url":"https:\/\/www.neoplanta.rs\/","logo":{"@type":"ImageObject","inLanguage":"en-US","@id":"https:\/\/www.neoplanta.rs\/#\/schema\/logo\/image\/","url":"https:\/\/www.neoplanta.rs\/wp-content\/uploads\/2021\/08\/logo.svg","contentUrl":"https:\/\/www.neoplanta.rs\/wp-content\/uploads\/2021\/08\/logo.svg","width":1,"height":1,"caption":"Neoplanta"},"image":{"@id":"https:\/\/www.neoplanta.rs\/#\/schema\/logo\/image\/"},"sameAs":["https:\/\/www.facebook.com\/neoplantadelikates","https:\/\/www.instagram.com\/neoplantadelikates\/","https:\/\/www.youtube.com\/channel\/UCSeDTwsSoMMJKGgQftkNcXw\/videos"]}]}},"_links":{"self":[{"href":"https:\/\/www.neoplanta.rs\/en\/wp-json\/wp\/v2\/pages\/4809","targetHints":{"allow":["GET"]}}],"collection":[{"href":"https:\/\/www.neoplanta.rs\/en\/wp-json\/wp\/v2\/pages"}],"about":[{"href":"https:\/\/www.neoplanta.rs\/en\/wp-json\/wp\/v2\/types\/page"}],"author":[{"embeddable":true,"href":"https:\/\/www.neoplanta.rs\/en\/wp-json\/wp\/v2\/users\/1"}],"replies":[{"embeddable":true,"href":"https:\/\/www.neoplanta.rs\/en\/wp-json\/wp\/v2\/comments?post=4809"}],"version-history":[{"count":4,"href":"https:\/\/www.neoplanta.rs\/en\/wp-json\/wp\/v2\/pages\/4809\/revisions"}],"predecessor-version":[{"id":5213,"href":"https:\/\/www.neoplanta.rs\/en\/wp-json\/wp\/v2\/pages\/4809\/revisions\/5213"}],"up":[{"embeddable":true,"href":"https:\/\/www.neoplanta.rs\/en\/wp-json\/wp\/v2\/pages\/5188"}],"wp:featuredmedia":[{"embeddable":true,"href":"https:\/\/www.neoplanta.rs\/en\/wp-json\/wp\/v2\/media\/286"}],"wp:attachment":[{"href":"https:\/\/www.neoplanta.rs\/en\/wp-json\/wp\/v2\/media?parent=4809"}],"curies":[{"name":"wp","href":"https:\/\/api.w.org\/{rel}","templated":true}]}}